{"id":3,"date":"2022-05-24T16:48:55","date_gmt":"2022-05-24T16:48:55","guid":{"rendered":"https:\/\/intertravelnyc.walaa.com.co\/?page_id=3"},"modified":"2025-02-26T17:04:28","modified_gmt":"2025-02-26T17:04:28","slug":"politicas-de-privacidad","status":"publish","type":"page","link":"https:\/\/intertravelnyc.com\/es\/politicas-de-privacidad\/","title":{"rendered":"Pol\u00edticas de Privacidad"},"content":{"rendered":"\t\t<div data-elementor-type=\"wp-page\" data-elementor-id=\"3\" class=\"elementor elementor-3\" data-elementor-settings=\"{&quot;ha_cmc_init_switcher&quot;:&quot;no&quot;}\">\n\t\t\t\t\t\t<section class=\"elementor-section elementor-top-section elementor-element elementor-element-4ef93de elementor-section-full_width elementor-section-height-min-height elementor-section-items-top elementor-section-height-default\" data-id=\"4ef93de\" data-element_type=\"section\" data-e-type=\"section\" data-settings=\"{&quot;background_background&quot;:&quot;classic&quot;,&quot;jet_parallax_layout_list&quot;:[]}\">\n\t\t\t\t\t\t\t<div class=\"elementor-background-overlay\"><\/div>\n\t\t\t\t\t\t\t<div class=\"elementor-container elementor-column-gap-default\">\n\t\t\t\t\t<div class=\"elementor-column elementor-col-100 elementor-top-column elementor-element elementor-element-15fb5e0\" data-id=\"15fb5e0\" data-element_type=\"column\" data-e-type=\"column\">\n\t\t\t<div class=\"elementor-widget-wrap elementor-element-populated\">\n\t\t\t\t\t\t<section class=\"elementor-section elementor-inner-section elementor-element elementor-element-a80a2de elementor-section-boxed elementor-section-height-default elementor-section-height-default\" data-id=\"a80a2de\" data-element_type=\"section\" data-e-type=\"section\" data-settings=\"{&quot;jet_parallax_layout_list&quot;:[]}\">\n\t\t\t\t\t\t<div class=\"elementor-container elementor-column-gap-default\">\n\t\t\t\t\t<div class=\"elementor-column elementor-col-50 elementor-inner-column elementor-element elementor-element-3286871\" data-id=\"3286871\" data-element_type=\"column\" data-e-type=\"column\">\n\t\t\t<div class=\"elementor-widget-wrap elementor-element-populated\">\n\t\t\t\t\t\t<div class=\"elementor-element elementor-element-a2be527 elementor-widget elementor-widget-heading\" data-id=\"a2be527\" data-element_type=\"widget\" data-e-type=\"widget\" data-widget_type=\"heading.default\">\n\t\t\t\t\t<h1 class=\"elementor-heading-title elementor-size-default\">Pol\u00edticas<\/h1>\t\t\t\t<\/div>\n\t\t\t\t<div class=\"elementor-element elementor-element-a74a5e6 elementor-widget elementor-widget-heading\" data-id=\"a74a5e6\" data-element_type=\"widget\" data-e-type=\"widget\" data-widget_type=\"heading.default\">\n\t\t\t\t\t<h3 class=\"elementor-heading-title elementor-size-default\">de Privacidad<\/h3>\t\t\t\t<\/div>\n\t\t\t\t<div class=\"elementor-element elementor-element-547040a elementor-hidden-desktop elementor-hidden-tablet elementor-hidden-mobile elementor-widget elementor-widget-text-editor\" data-id=\"547040a\" data-element_type=\"widget\" data-e-type=\"widget\" data-widget_type=\"text-editor.default\">\n\t\t\t\t\t\t\t\t\t<p>Sabemos que cada viajero tiene necesidades diferentes y busca experiencias diferentes. Por eso tenemos para ti esta gu\u00eda tur\u00edstica donde encontrar tips, consejos y novedades sobre la gran manzana y otros destinos de tu inter\u00e9s como Washington DC, Filadelfia, Boston y las Cataratas del Ni\u00e1gara.<\/p>\t\t\t\t\t\t\t\t<\/div>\n\t\t\t\t\t<\/div>\n\t\t<\/div>\n\t\t\t\t<div class=\"elementor-column elementor-col-50 elementor-inner-column elementor-element elementor-element-4ed7337\" data-id=\"4ed7337\" data-element_type=\"column\" data-e-type=\"column\">\n\t\t\t<div class=\"elementor-widget-wrap\">\n\t\t\t\t\t\t\t<\/div>\n\t\t<\/div>\n\t\t\t\t\t<\/div>\n\t\t<\/section>\n\t\t\t\t\t<\/div>\n\t\t<\/div>\n\t\t\t\t\t<\/div>\n\t\t<\/section>\n\t\t\t\t<section class=\"elementor-section elementor-top-section elementor-element elementor-element-40815953 elementor-section-boxed elementor-section-height-default elementor-section-height-default\" data-id=\"40815953\" data-element_type=\"section\" data-e-type=\"section\" data-settings=\"{&quot;jet_parallax_layout_list&quot;:[]}\">\n\t\t\t\t\t\t<div class=\"elementor-container elementor-column-gap-default\">\n\t\t\t\t\t<div class=\"elementor-column elementor-col-100 elementor-top-column elementor-element elementor-element-40d7e389\" data-id=\"40d7e389\" data-element_type=\"column\" data-e-type=\"column\">\n\t\t\t<div class=\"elementor-widget-wrap elementor-element-populated\">\n\t\t\t\t\t\t<div class=\"elementor-element elementor-element-4beae5e7 elementor-widget elementor-widget-text-editor\" data-id=\"4beae5e7\" data-element_type=\"widget\" data-e-type=\"widget\" data-widget_type=\"text-editor.default\">\n\t\t\t\t\t\t\t\t\t<p>Esta pol\u00edtica de privacidad ha sido formulada para explicar a las personas c\u00f3mo se utiliza su \u00abInformaci\u00f3n Personal\u00bb en l\u00ednea. PII, seg\u00fan la legislaci\u00f3n de privacidad y seguridad de la informaci\u00f3n de EE. UU., es informaci\u00f3n que puede utilizarse por s\u00ed sola o junto con otra informaci\u00f3n para identificar, contactar o localizar a una persona, o para identificar a un individuo en un contexto determinado.<\/p><p>Lea la pol\u00edtica de privacidad que hemos creado para ayudarle a comprender la recopilaci\u00f3n y el uso de los datos que nos ha proporcionado.<\/p><p><strong>\u00bfQU\u00c9 INFORMACI\u00d3N PERSONAL RECOPILAMOS DE LAS PERSONAS QUE VISITAN NUESTRO SITIO WEB?<\/strong><\/p><p>Podemos solicitarle informaci\u00f3n b\u00e1sica, como su nombre y direcci\u00f3n de correo electr\u00f3nico, para procesar las solicitudes de pedido.<\/p><p><strong>RECOLECCI\u00d3N DE INFORMACI\u00d3N<\/strong><\/p><p>Recopilamos informaci\u00f3n cuando completa un formulario o ingresa informaci\u00f3n en nuestro sitio.<\/p><p><strong>\u00bfC\u00d3MO USAMOS SU INFORMACI\u00d3N?<\/strong><\/p><p>Utilizamos la informaci\u00f3n que recopilamos para realizar un registro o una compra en nuestro sitio. La informaci\u00f3n tambi\u00e9n podr\u00eda utilizarse con fines de comunicaci\u00f3n para garantizar que las transacciones y acciones se realicen sin problemas.<\/p><p><strong>PROTECCI\u00d3N DE SU INFORMACI\u00d3N<\/strong><\/p><p>Mantenemos regularmente nuestro sitio para evaluar vulnerabilidades y fallos de seguridad con el fin de garantizar que cada visita sea lo m\u00e1s segura posible. Usamos un certificado SSL para mantener seguros sus datos e informaci\u00f3n de visita.<\/p><p><strong>\u00bfQU\u00c9 INFORMACI\u00d3N RECOPILAMOS?<\/strong><\/p><p>No recopilamos intencionadamente ning\u00fan dato personal de nuestros clientes o visitantes, aparte de sus nombres y direcciones de correo electr\u00f3nico.<\/p><p>(Su informaci\u00f3n financiera es procesada por comerciantes o terceros registrados o asociados con <a href=\"https:\/\/stripe.com\/\" target=\"_blank\" rel=\"noopener\">https:\/\/stripe.com\/<\/a>).<\/p><p><strong>\u00bfUTILIZAMOS \u00abCOOKIES\u00bb?<\/strong><\/p><p>S\u00ed. Las cookies son peque\u00f1os archivos que un sitio o su proveedor de servicios transfiere al disco duro de su computadora a trav\u00e9s de su navegador web (si lo permite), lo que permite que los sistemas del sitio o del proveedor de servicios reconozcan su navegador y capturen y recuerden cierta informaci\u00f3n. Por ejemplo, utilizamos cookies para ayudarnos a recordar y procesar los art\u00edculos en su carrito de compras. Tambi\u00e9n se utilizan para ayudarnos a comprender sus preferencias en funci\u00f3n de la actividad previa o actual en el sitio, lo que nos permite ofrecerle mejores servicios. Tambi\u00e9n utilizamos cookies para recopilar datos agregados sobre el tr\u00e1fico del sitio y la interacci\u00f3n en el mismo, con el fin de mejorar la experiencia y las herramientas del sitio en el futuro.<\/p><p><strong>UTILIZAMOS COOKIES PARA:<\/strong><\/p><p>Recopilar datos agregados sobre el tr\u00e1fico y las interacciones en el sitio con el fin de mejorar la experiencia y las herramientas del sitio en el futuro. Tambi\u00e9n podemos utilizar servicios de terceros de confianza que realicen un seguimiento de esta informaci\u00f3n en nuestro nombre.<\/p><p>Puede optar por recibir una advertencia cada vez que se env\u00ede una cookie a su computadora o puede desactivar todas las cookies. Esto se hace a trav\u00e9s de la configuraci\u00f3n de su navegador (como Internet Explorer). Cada navegador es diferente, por lo que consulte el men\u00fa de ayuda de su navegador para conocer la forma correcta de modificar sus cookies.<\/p><p><strong>DIVULGACI\u00d3N A TERCEROS<\/strong><\/p><p>No creemos en vender o intercambiar los datos con terceros, a menos que se le informe y otorgue su permiso. Solo terceros como socios de alojamiento web o partes que operan el sitio web son excepciones en este caso. Tambi\u00e9n podemos divulgar su informaci\u00f3n cuando creemos que es apropiado para cumplir con la ley, hacer cumplir nuestras pol\u00edticas del sitio o proteger nuestros derechos, propiedad o seguridad, o los de otros.<\/p><p>Sin embargo, la informaci\u00f3n de los visitantes que no sea de identificaci\u00f3n personal puede proporcionarse a otras partes con fines de marketing, publicidad u otros usos.<\/p><p><strong>ENLACES A TERCEROS<\/strong><\/p><p>No incluimos ni ofrecemos productos o servicios de terceros en nuestro sitio web.<\/p><p><strong>POL\u00cdTICA DE CANCELACI\u00d3N<\/strong><\/p><p>Para un reembolso completo, cancele al menos 24 horas antes de la fecha de inicio de la experiencia. Esta experiencia requiere buen clima.<\/p><p>Si se cancela debido a condiciones clim\u00e1ticas adversas, se le ofrecer\u00e1 una fecha diferente o un reembolso completo.<\/p><p>Esta experiencia requiere un n\u00famero m\u00ednimo de viajeros. Si se cancela porque no se cumple el m\u00ednimo, se le ofrecer\u00e1 una fecha\/experiencia diferente o un reembolso completo.<\/p><p><strong>\u00abNo Show\u00bb (No Presentaci\u00f3n)<\/strong>: Cualquier pago o dep\u00f3sito ser\u00e1 perdido si los viajeros no se presentan en la ubicaci\u00f3n y el horario especificado para su tour.<\/p>\t\t\t\t\t\t\t\t<\/div>\n\t\t\t\t\t<\/div>\n\t\t<\/div>\n\t\t\t\t\t<\/div>\n\t\t<\/section>\n\t\t\t\t<\/div>\n\t\t","protected":false},"excerpt":{"rendered":"<p>Pol\u00edticas de Privacidad Esta pol\u00edtica de privacidad ha sido formulada para explicar a las personas c\u00f3mo se utiliza su \u00abInformaci\u00f3n Personal\u00bb en l\u00ednea. PII, seg\u00fan la legislaci\u00f3n de privacidad y seguridad de la informaci\u00f3n de EE. UU., es informaci\u00f3n que puede utilizarse por s\u00ed sola o junto con otra informaci\u00f3n para identificar, contactar o localizar [&hellip;]<\/p>\n","protected":false},"author":1,"featured_media":0,"parent":0,"menu_order":0,"comment_status":"closed","ping_status":"closed","template":"elementor_header_footer","meta":{"_joinchat":[],"footnotes":""},"class_list":["post-3","page","type-page","status-publish","hentry"],"_links":{"self":[{"href":"https:\/\/intertravelnyc.com\/es\/wp-json\/wp\/v2\/pages\/3","targetHints":{"allow":["GET"]}}],"collection":[{"href":"https:\/\/intertravelnyc.com\/es\/wp-json\/wp\/v2\/pages"}],"about":[{"href":"https:\/\/intertravelnyc.com\/es\/wp-json\/wp\/v2\/types\/page"}],"author":[{"embeddable":true,"href":"https:\/\/intertravelnyc.com\/es\/wp-json\/wp\/v2\/users\/1"}],"replies":[{"embeddable":true,"href":"https:\/\/intertravelnyc.com\/es\/wp-json\/wp\/v2\/comments?post=3"}],"version-history":[{"count":7,"href":"https:\/\/intertravelnyc.com\/es\/wp-json\/wp\/v2\/pages\/3\/revisions"}],"predecessor-version":[{"id":4455,"href":"https:\/\/intertravelnyc.com\/es\/wp-json\/wp\/v2\/pages\/3\/revisions\/4455"}],"wp:attachment":[{"href":"https:\/\/intertravelnyc.com\/es\/wp-json\/wp\/v2\/media?parent=3"}],"curies":[{"name":"wp","href":"https:\/\/api.w.org\/{rel}","templated":true}]}}